{"id":6334,"date":"2025-02-15T20:32:09","date_gmt":"2025-02-15T19:32:09","guid":{"rendered":"https:\/\/pepeurope.net\/?page_id=6334"},"modified":"2025-05-22T05:11:01","modified_gmt":"2025-05-22T04:11:01","slug":"jak-uzywac","status":"publish","type":"page","link":"https:\/\/dev.pepeurope.net\/en\/how-to-use\/","title":{"rendered":"How to use"},"content":{"rendered":"<div data-elementor-type=\"wp-page\" data-elementor-id=\"6334\" class=\"elementor elementor-6334\" data-elementor-post-type=\"page\">\n\t\t\t\t<div class=\"elementor-element elementor-element-0ad22a9 animated-slow e-flex e-con-boxed elementor-invisible e-con e-parent\" data-id=\"0ad22a9\" data-element_type=\"container\" data-settings=\"{&quot;animation&quot;:&quot;fadeIn&quot;}\">\n\t\t\t\t\t<div class=\"e-con-inner\">\n\t\t<div class=\"elementor-element elementor-element-dcec167 e-con-full e-flex e-con e-child\" data-id=\"dcec167\" data-element_type=\"container\" data-settings=\"{&quot;background_background&quot;:&quot;classic&quot;}\">\n\t\t\t\t<div class=\"elementor-element elementor-element-f91ed45 elementor-widget__width-auto elementor-widget elementor-widget-n-accordion\" data-id=\"f91ed45\" data-element_type=\"widget\" data-settings=\"{&quot;default_state&quot;:&quot;expanded&quot;,&quot;max_items_expended&quot;:&quot;one&quot;,&quot;n_accordion_animation_duration&quot;:{&quot;unit&quot;:&quot;ms&quot;,&quot;size&quot;:400,&quot;sizes&quot;:[]}}\" data-widget_type=\"nested-accordion.default\">\n\t\t\t\t<div class=\"elementor-widget-container\">\n\t\t\t\t\t\t\t<div class=\"e-n-accordion\" aria-label=\"Accordion. Open links with Enter or Space, close with Escape, and navigate with Arrow Keys\">\n\t\t\t\t\t\t<details id=\"e-n-accordion-item-2610\" class=\"e-n-accordion-item\" open>\n\t\t\t\t<summary class=\"e-n-accordion-item-title\" data-accordion-index=\"1\" tabindex=\"0\" aria-expanded=\"true\" aria-controls=\"e-n-accordion-item-2610\" >\n\t\t\t\t\t<span class='e-n-accordion-item-title-header'><div class=\"e-n-accordion-item-title-text\"> How do weight loss peptides work? <\/div><\/span>\n\t\t\t\t\t\t\t<span class='e-n-accordion-item-title-icon'>\n\t\t\t<span class='e-opened' ><svg aria-hidden=\"true\" class=\"e-font-icon-svg e-fas-angle-up\" viewbox=\"0 0 320 512\" xmlns=\"http:\/\/www.w3.org\/2000\/svg\"><path d=\"M177 159.7l136 136c9.4 9.4 9.4 24.6 0 33.9l-22.6 22.6c-9.4 9.4-24.6 9.4-33.9 0L160 255.9l-96.4 96.4c-9.4 9.4-24.6 9.4-33.9 0L7 329.7c-9.4-9.4-9.4-24.6 0-33.9l136-136c9.4-9.5 24.6-9.5 34-.1z\"><\/path><\/svg><\/span>\n\t\t\t<span class='e-closed'><svg aria-hidden=\"true\" class=\"e-font-icon-svg e-fas-angle-down\" viewbox=\"0 0 320 512\" xmlns=\"http:\/\/www.w3.org\/2000\/svg\"><path d=\"M143 352.3L7 216.3c-9.4-9.4-9.4-24.6 0-33.9l22.6-22.6c9.4-9.4 24.6-9.4 33.9 0l96.4 96.4 96.4-96.4c9.4-9.4 24.6-9.4 33.9 0l22.6 22.6c9.4 9.4 9.4 24.6 0 33.9l-136 136c-9.2 9.4-24.4 9.4-33.8 0z\"><\/path><\/svg><\/span>\n\t\t<\/span>\n\n\t\t\t\t\t\t<\/summary>\n\t\t\t\t<div role=\"region\" aria-labelledby=\"e-n-accordion-item-2610\" class=\"elementor-element elementor-element-9326e56 e-con-full e-flex e-con e-child\" data-id=\"9326e56\" data-element_type=\"container\">\n\t\t\t\t<div class=\"elementor-element elementor-element-51376c7 elementor-widget elementor-widget-text-editor\" data-id=\"51376c7\" data-element_type=\"widget\" data-widget_type=\"text-editor.default\">\n\t\t\t\t<div class=\"elementor-widget-container\">\n\t\t\t\t\t\t\t\t\t<p class=\"p1\"><span style=\"color: #000000;\">Peptides like Mazdu, Reta, Tirz, Sema, and CargiSema work by activating metabolic receptors like GLP-1 (glucagon-like peptide 1). These receptors play a key role in regulating blood glucose levels, appetite, and digestion. Here\u2019s how these substances can support the body:<\/span><\/p><p class=\"p2\"><span style=\"color: #000000;\">\u2022<b>Blood sugar regulation<\/b>: Stabilizes glucose levels, which prevents sudden spikes in blood sugar and hunger pangs.<\/span><\/p><p class=\"p2\"><span style=\"color: #000000;\">\u2022<b>Appetite control<\/b>: Helps reduce the feeling of hunger and prolongs the time of satiety after meals.<\/span><\/p><p class=\"p2\"><span style=\"color: #000000;\">\u2022<b>Weight loss support<\/b>: Helps reduce calorie intake and supports fat burning.<\/span><\/p>\t\t\t\t\t\t\t\t<\/div>\n\t\t\t\t<\/div>\n\t\t\t\t<\/div>\n\t\t\t\t\t<\/details>\n\t\t\t\t\t\t<details id=\"e-n-accordion-item-2611\" class=\"e-n-accordion-item\" >\n\t\t\t\t<summary class=\"e-n-accordion-item-title\" data-accordion-index=\"2\" tabindex=\"-1\" aria-expanded=\"false\" aria-controls=\"e-n-accordion-item-2611\" >\n\t\t\t\t\t<span class='e-n-accordion-item-title-header'><div class=\"e-n-accordion-item-title-text\"> How to use peptide-based products? <\/div><\/span>\n\t\t\t\t\t\t\t<span class='e-n-accordion-item-title-icon'>\n\t\t\t<span class='e-opened' ><svg aria-hidden=\"true\" class=\"e-font-icon-svg e-fas-angle-up\" viewbox=\"0 0 320 512\" xmlns=\"http:\/\/www.w3.org\/2000\/svg\"><path d=\"M177 159.7l136 136c9.4 9.4 9.4 24.6 0 33.9l-22.6 22.6c-9.4 9.4-24.6 9.4-33.9 0L160 255.9l-96.4 96.4c-9.4 9.4-24.6 9.4-33.9 0L7 329.7c-9.4-9.4-9.4-24.6 0-33.9l136-136c9.4-9.5 24.6-9.5 34-.1z\"><\/path><\/svg><\/span>\n\t\t\t<span class='e-closed'><svg aria-hidden=\"true\" class=\"e-font-icon-svg e-fas-angle-down\" viewbox=\"0 0 320 512\" xmlns=\"http:\/\/www.w3.org\/2000\/svg\"><path d=\"M143 352.3L7 216.3c-9.4-9.4-9.4-24.6 0-33.9l22.6-22.6c9.4-9.4 24.6-9.4 33.9 0l96.4 96.4 96.4-96.4c9.4-9.4 24.6-9.4 33.9 0l22.6 22.6c9.4 9.4 9.4 24.6 0 33.9l-136 136c-9.2 9.4-24.4 9.4-33.8 0z\"><\/path><\/svg><\/span>\n\t\t<\/span>\n\n\t\t\t\t\t\t<\/summary>\n\t\t\t\t<div role=\"region\" aria-labelledby=\"e-n-accordion-item-2611\" class=\"elementor-element elementor-element-1d66d9b e-con-full e-flex e-con e-child\" data-id=\"1d66d9b\" data-element_type=\"container\">\n\t\t\t\t<div class=\"elementor-element elementor-element-2a7f68c elementor-widget elementor-widget-text-editor\" data-id=\"2a7f68c\" data-element_type=\"widget\" data-widget_type=\"text-editor.default\">\n\t\t\t\t<div class=\"elementor-widget-container\">\n\t\t\t\t\t\t\t\t\t<p class=\"p1\"><span style=\"color: #000000;\">These preparations are very convenient to use, which makes them a popular choice among people looking for support in the fight against excess weight.<\/span><\/p><p class=\"p2\"><span style=\"color: #000000;\">\u2022<b>Form of administration<\/b>:<\/span><\/p><p class=\"p1\"><span style=\"color: #000000;\">Peptides are typically administered as subcutaneous injections, which allows for precise dosing.<\/span><\/p><p class=\"p2\"><span style=\"color: #000000;\">\u2022<b>Injection sites<\/b>:<\/span><\/p><p class=\"p1\"><span style=\"color: #000000;\">Common injection sites include the abdomen, thigh, or upper arm. Rotating injection sites helps prevent skin irritation.<\/span><\/p><p class=\"p2\"><span style=\"color: #000000;\">\u2022<b>Dosage<\/b>:<\/span><\/p><p class=\"p1\"><span style=\"color: #000000;\">Therapy often starts with a low dose that is gradually increased. This regimen allows the body to adapt better and minimizes the risk of side effects.<\/span><\/p>\t\t\t\t\t\t\t\t<\/div>\n\t\t\t\t<\/div>\n\t\t\t\t<\/div>\n\t\t\t\t\t<\/details>\n\t\t\t\t\t\t<details id=\"e-n-accordion-item-2612\" class=\"e-n-accordion-item\" >\n\t\t\t\t<summary class=\"e-n-accordion-item-title\" data-accordion-index=\"3\" tabindex=\"-1\" aria-expanded=\"false\" aria-controls=\"e-n-accordion-item-2612\" >\n\t\t\t\t\t<span class='e-n-accordion-item-title-header'><div class=\"e-n-accordion-item-title-text\"> What effects can be achieved? <\/div><\/span>\n\t\t\t\t\t\t\t<span class='e-n-accordion-item-title-icon'>\n\t\t\t<span class='e-opened' ><svg aria-hidden=\"true\" class=\"e-font-icon-svg e-fas-angle-up\" viewbox=\"0 0 320 512\" xmlns=\"http:\/\/www.w3.org\/2000\/svg\"><path d=\"M177 159.7l136 136c9.4 9.4 9.4 24.6 0 33.9l-22.6 22.6c-9.4 9.4-24.6 9.4-33.9 0L160 255.9l-96.4 96.4c-9.4 9.4-24.6 9.4-33.9 0L7 329.7c-9.4-9.4-9.4-24.6 0-33.9l136-136c9.4-9.5 24.6-9.5 34-.1z\"><\/path><\/svg><\/span>\n\t\t\t<span class='e-closed'><svg aria-hidden=\"true\" class=\"e-font-icon-svg e-fas-angle-down\" viewbox=\"0 0 320 512\" xmlns=\"http:\/\/www.w3.org\/2000\/svg\"><path d=\"M143 352.3L7 216.3c-9.4-9.4-9.4-24.6 0-33.9l22.6-22.6c9.4-9.4 24.6-9.4 33.9 0l96.4 96.4 96.4-96.4c9.4-9.4 24.6-9.4 33.9 0l22.6 22.6c9.4 9.4 9.4 24.6 0 33.9l-136 136c-9.2 9.4-24.4 9.4-33.8 0z\"><\/path><\/svg><\/span>\n\t\t<\/span>\n\n\t\t\t\t\t\t<\/summary>\n\t\t\t\t<div role=\"region\" aria-labelledby=\"e-n-accordion-item-2612\" class=\"elementor-element elementor-element-17e8704 e-con-full e-flex e-con e-child\" data-id=\"17e8704\" data-element_type=\"container\">\n\t\t\t\t<div class=\"elementor-element elementor-element-af96b92 elementor-widget elementor-widget-text-editor\" data-id=\"af96b92\" data-element_type=\"widget\" data-widget_type=\"text-editor.default\">\n\t\t\t\t<div class=\"elementor-widget-container\">\n\t\t\t\t\t\t\t\t\t<p class=\"p1\"><span style=\"color: #000000;\">People who use peptides often notice:<\/span><\/p><p class=\"p2\"><span style=\"color: #000000;\">\u2022<b>Decreased appetite<\/b>: Better control over hunger makes it easier to limit calorie intake.<\/span><\/p><p class=\"p2\"><span style=\"color: #000000;\">\u2022<b>Maintaining satiety<\/b>: After a meal, the feeling of fullness lasts longer, which reduces the need to snack.<\/span><\/p><p class=\"p2\"><span style=\"color: #000000;\">\u2022<b>Improving blood sugar control<\/b>: Stable blood glucose levels help prevent hunger pangs and reduce the risk of developing insulin resistance.<\/span><\/p><p class=\"p2\"><span style=\"color: #000000;\">\u2022<b>Effective weight loss<\/b>: When combined with an appropriate diet and physical activity, peptides can support lasting weight loss.<\/span><\/p>\t\t\t\t\t\t\t\t<\/div>\n\t\t\t\t<\/div>\n\t\t\t\t<\/div>\n\t\t\t\t\t<\/details>\n\t\t\t\t\t\t<details id=\"e-n-accordion-item-2613\" class=\"e-n-accordion-item\" >\n\t\t\t\t<summary class=\"e-n-accordion-item-title\" data-accordion-index=\"4\" tabindex=\"-1\" aria-expanded=\"false\" aria-controls=\"e-n-accordion-item-2613\" >\n\t\t\t\t\t<span class='e-n-accordion-item-title-header'><div class=\"e-n-accordion-item-title-text\"> How to choose the right peptide for you? <\/div><\/span>\n\t\t\t\t\t\t\t<span class='e-n-accordion-item-title-icon'>\n\t\t\t<span class='e-opened' ><svg aria-hidden=\"true\" class=\"e-font-icon-svg e-fas-angle-up\" viewbox=\"0 0 320 512\" xmlns=\"http:\/\/www.w3.org\/2000\/svg\"><path d=\"M177 159.7l136 136c9.4 9.4 9.4 24.6 0 33.9l-22.6 22.6c-9.4 9.4-24.6 9.4-33.9 0L160 255.9l-96.4 96.4c-9.4 9.4-24.6 9.4-33.9 0L7 329.7c-9.4-9.4-9.4-24.6 0-33.9l136-136c9.4-9.5 24.6-9.5 34-.1z\"><\/path><\/svg><\/span>\n\t\t\t<span class='e-closed'><svg aria-hidden=\"true\" class=\"e-font-icon-svg e-fas-angle-down\" viewbox=\"0 0 320 512\" xmlns=\"http:\/\/www.w3.org\/2000\/svg\"><path d=\"M143 352.3L7 216.3c-9.4-9.4-9.4-24.6 0-33.9l22.6-22.6c9.4-9.4 24.6-9.4 33.9 0l96.4 96.4 96.4-96.4c9.4-9.4 24.6-9.4 33.9 0l22.6 22.6c9.4 9.4 9.4 24.6 0 33.9l-136 136c-9.2 9.4-24.4 9.4-33.8 0z\"><\/path><\/svg><\/span>\n\t\t<\/span>\n\n\t\t\t\t\t\t<\/summary>\n\t\t\t\t<div role=\"region\" aria-labelledby=\"e-n-accordion-item-2613\" class=\"elementor-element elementor-element-520dbbd e-con-full e-flex e-con e-child\" data-id=\"520dbbd\" data-element_type=\"container\">\n\t\t\t\t<div class=\"elementor-element elementor-element-8e04d0e elementor-widget elementor-widget-text-editor\" data-id=\"8e04d0e\" data-element_type=\"widget\" data-widget_type=\"text-editor.default\">\n\t\t\t\t<div class=\"elementor-widget-container\">\n\t\t\t\t\t\t\t\t\t<p class=\"p1\"><span style=\"color: #000000;\">Choosing the right product depends on your weight loss stage and individual needs:<\/span><\/p><p class=\"p3\"><span style=\"color: #000000;\">\u2022<b>Mazdutide:<\/b><b><\/b><\/span><\/p><p class=\"p1\"><span style=\"color: #000000;\">Perfect for the initial phase of weight loss. It helps reduce appetite and stabilize metabolism, which makes it easier for the body to adapt to new habits.<\/span><\/p><p class=\"p3\"><span style=\"color: #000000;\">\u2022<b>Reta (Retatrutide):<\/b><b><\/b><\/span><\/p><p class=\"p1\"><span style=\"color: #000000;\">Best in the middle phase of weight loss. Intensifies fat burning and helps break the stagnation in the weight reduction process.<\/span><\/p><p class=\"p3\"><span style=\"color: #000000;\">\u2022<b>Tirz (Tirzepatide):<\/b><b><\/b><\/span><\/p><p class=\"p1\"><span style=\"color: #000000;\">Suitable for the final stage of weight loss. Helps to consolidate the achieved results, supporting metabolism and preventing the yo-yo effect.<\/span><\/p><p class=\"p3\"><span style=\"color: #000000;\">\u2022<b>Sema (Semaglutide):<\/b><b><\/b><\/span><\/p><p class=\"p1\"><span style=\"color: #000000;\">A universal choice at every stage of weight loss. Supports both weight loss and stabilization of achieved results.<\/span><\/p><p class=\"p3\"><span style=\"color: #000000;\">\u2022<b>CargiSema (Cagrilinitide and Semaglutide):<\/b><b><\/b><\/span><\/p><p class=\"p1\"><span style=\"color: #000000;\">A comprehensive solution combining appetite control, glucose regulation and intensive fat reduction.<\/span><\/p><p class=\"p1\"><span style=\"color: #000000;\"><b>Choosing the right peptide depends on your individual goals and needs. It is worth consulting a specialist to choose the best solution.<\/b><\/span><\/p>\t\t\t\t\t\t\t\t<\/div>\n\t\t\t\t<\/div>\n\t\t\t\t<\/div>\n\t\t\t\t\t<\/details>\n\t\t\t\t\t\t<details id=\"e-n-accordion-item-2614\" class=\"e-n-accordion-item\" >\n\t\t\t\t<summary class=\"e-n-accordion-item-title\" data-accordion-index=\"5\" tabindex=\"-1\" aria-expanded=\"false\" aria-controls=\"e-n-accordion-item-2614\" >\n\t\t\t\t\t<span class='e-n-accordion-item-title-header'><div class=\"e-n-accordion-item-title-text\"> Who are peptide-based products for? <\/div><\/span>\n\t\t\t\t\t\t\t<span class='e-n-accordion-item-title-icon'>\n\t\t\t<span class='e-opened' ><svg aria-hidden=\"true\" class=\"e-font-icon-svg e-fas-angle-up\" viewbox=\"0 0 320 512\" xmlns=\"http:\/\/www.w3.org\/2000\/svg\"><path d=\"M177 159.7l136 136c9.4 9.4 9.4 24.6 0 33.9l-22.6 22.6c-9.4 9.4-24.6 9.4-33.9 0L160 255.9l-96.4 96.4c-9.4 9.4-24.6 9.4-33.9 0L7 329.7c-9.4-9.4-9.4-24.6 0-33.9l136-136c9.4-9.5 24.6-9.5 34-.1z\"><\/path><\/svg><\/span>\n\t\t\t<span class='e-closed'><svg aria-hidden=\"true\" class=\"e-font-icon-svg e-fas-angle-down\" viewbox=\"0 0 320 512\" xmlns=\"http:\/\/www.w3.org\/2000\/svg\"><path d=\"M143 352.3L7 216.3c-9.4-9.4-9.4-24.6 0-33.9l22.6-22.6c9.4-9.4 24.6-9.4 33.9 0l96.4 96.4 96.4-96.4c9.4-9.4 24.6-9.4 33.9 0l22.6 22.6c9.4 9.4 9.4 24.6 0 33.9l-136 136c-9.2 9.4-24.4 9.4-33.8 0z\"><\/path><\/svg><\/span>\n\t\t<\/span>\n\n\t\t\t\t\t\t<\/summary>\n\t\t\t\t<div role=\"region\" aria-labelledby=\"e-n-accordion-item-2614\" class=\"elementor-element elementor-element-f6e7985 e-con-full e-flex e-con e-child\" data-id=\"f6e7985\" data-element_type=\"container\">\n\t\t\t\t<div class=\"elementor-element elementor-element-990149c elementor-widget elementor-widget-text-editor\" data-id=\"990149c\" data-element_type=\"widget\" data-widget_type=\"text-editor.default\">\n\t\t\t\t<div class=\"elementor-widget-container\">\n\t\t\t\t\t\t\t\t\t<p class=\"p1\"><span style=\"color: #000000;\">Slimming peptides are suitable for people who:<\/span><\/p><p class=\"p3\"><span style=\"color: #000000;\">\u2022They struggle with overweight or obesity,<\/span><\/p><p class=\"p3\"><span style=\"color: #000000;\">\u2022They are looking for support in controlling their appetite and regulating their sugar levels,<\/span><\/p><p class=\"p3\"><span style=\"color: #000000;\">\u2022Strive for a healthy lifestyle and lasting weight loss,<\/span><\/p><p class=\"p3\"><span style=\"color: #000000;\">\u2022They want to avoid the yo-yo effect and stabilize the achieved results.<\/span><\/p>\t\t\t\t\t\t\t\t<\/div>\n\t\t\t\t<\/div>\n\t\t\t\t<\/div>\n\t\t\t\t\t<\/details>\n\t\t\t\t\t\t<details id=\"e-n-accordion-item-2615\" class=\"e-n-accordion-item\" >\n\t\t\t\t<summary class=\"e-n-accordion-item-title\" data-accordion-index=\"6\" tabindex=\"-1\" aria-expanded=\"false\" aria-controls=\"e-n-accordion-item-2615\" >\n\t\t\t\t\t<span class='e-n-accordion-item-title-header'><div class=\"e-n-accordion-item-title-text\"> Tips and Notes <\/div><\/span>\n\t\t\t\t\t\t\t<span class='e-n-accordion-item-title-icon'>\n\t\t\t<span class='e-opened' ><svg aria-hidden=\"true\" class=\"e-font-icon-svg e-fas-angle-up\" viewbox=\"0 0 320 512\" xmlns=\"http:\/\/www.w3.org\/2000\/svg\"><path d=\"M177 159.7l136 136c9.4 9.4 9.4 24.6 0 33.9l-22.6 22.6c-9.4 9.4-24.6 9.4-33.9 0L160 255.9l-96.4 96.4c-9.4 9.4-24.6 9.4-33.9 0L7 329.7c-9.4-9.4-9.4-24.6 0-33.9l136-136c9.4-9.5 24.6-9.5 34-.1z\"><\/path><\/svg><\/span>\n\t\t\t<span class='e-closed'><svg aria-hidden=\"true\" class=\"e-font-icon-svg e-fas-angle-down\" viewbox=\"0 0 320 512\" xmlns=\"http:\/\/www.w3.org\/2000\/svg\"><path d=\"M143 352.3L7 216.3c-9.4-9.4-9.4-24.6 0-33.9l22.6-22.6c9.4-9.4 24.6-9.4 33.9 0l96.4 96.4 96.4-96.4c9.4-9.4 24.6-9.4 33.9 0l22.6 22.6c9.4 9.4 9.4 24.6 0 33.9l-136 136c-9.2 9.4-24.4 9.4-33.8 0z\"><\/path><\/svg><\/span>\n\t\t<\/span>\n\n\t\t\t\t\t\t<\/summary>\n\t\t\t\t<div role=\"region\" aria-labelledby=\"e-n-accordion-item-2615\" class=\"elementor-element elementor-element-8918ffc e-flex e-con-boxed e-con e-child\" data-id=\"8918ffc\" data-element_type=\"container\">\n\t\t\t\t\t<div class=\"e-con-inner\">\n\t\t\t\t<div class=\"elementor-element elementor-element-b143cd4 elementor-widget elementor-widget-text-editor\" data-id=\"b143cd4\" data-element_type=\"widget\" data-widget_type=\"text-editor.default\">\n\t\t\t\t<div class=\"elementor-widget-container\">\n\t\t\t\t\t\t\t\t\t<p class=\"p2\"><span style=\"color: #000000;\">\u2022<b>Consultation with a specialist<\/b>: Before you start using such products, it is worth consulting a specialist to choose the preparation best suited to your needs.<\/span><\/p><p class=\"p2\"><span style=\"color: #000000;\">\u2022<b>Balanced diet and physical activity<\/b>: To achieve optimal results, combine the use of peptides with a proper diet and regular exercise.<\/span><\/p><p class=\"p2\"><span style=\"color: #000000;\">\u2022<b>Individual effects<\/b>: Results may vary depending on the organism, so patience and consistency are key.<\/span><\/p>\t\t\t\t\t\t\t\t<\/div>\n\t\t\t\t<\/div>\n\t\t\t\t\t<\/div>\n\t\t\t\t<\/div>\n\t\t\t\t\t<\/details>\n\t\t\t\t\t\t<details id=\"e-n-accordion-item-2616\" class=\"e-n-accordion-item\" >\n\t\t\t\t<summary class=\"e-n-accordion-item-title\" data-accordion-index=\"7\" tabindex=\"-1\" aria-expanded=\"false\" aria-controls=\"e-n-accordion-item-2616\" >\n\t\t\t\t\t<span class='e-n-accordion-item-title-header'><div class=\"e-n-accordion-item-title-text\"> Summary <\/div><\/span>\n\t\t\t\t\t\t\t<span class='e-n-accordion-item-title-icon'>\n\t\t\t<span class='e-opened' ><svg aria-hidden=\"true\" class=\"e-font-icon-svg e-fas-angle-up\" viewbox=\"0 0 320 512\" xmlns=\"http:\/\/www.w3.org\/2000\/svg\"><path d=\"M177 159.7l136 136c9.4 9.4 9.4 24.6 0 33.9l-22.6 22.6c-9.4 9.4-24.6 9.4-33.9 0L160 255.9l-96.4 96.4c-9.4 9.4-24.6 9.4-33.9 0L7 329.7c-9.4-9.4-9.4-24.6 0-33.9l136-136c9.4-9.5 24.6-9.5 34-.1z\"><\/path><\/svg><\/span>\n\t\t\t<span class='e-closed'><svg aria-hidden=\"true\" class=\"e-font-icon-svg e-fas-angle-down\" viewbox=\"0 0 320 512\" xmlns=\"http:\/\/www.w3.org\/2000\/svg\"><path d=\"M143 352.3L7 216.3c-9.4-9.4-9.4-24.6 0-33.9l22.6-22.6c9.4-9.4 24.6-9.4 33.9 0l96.4 96.4 96.4-96.4c9.4-9.4 24.6-9.4 33.9 0l22.6 22.6c9.4 9.4 9.4 24.6 0 33.9l-136 136c-9.2 9.4-24.4 9.4-33.8 0z\"><\/path><\/svg><\/span>\n\t\t<\/span>\n\n\t\t\t\t\t\t<\/summary>\n\t\t\t\t<div role=\"region\" aria-labelledby=\"e-n-accordion-item-2616\" class=\"elementor-element elementor-element-0cba1e6 e-flex e-con-boxed e-con e-child\" data-id=\"0cba1e6\" data-element_type=\"container\">\n\t\t\t\t\t<div class=\"e-con-inner\">\n\t\t\t\t<div class=\"elementor-element elementor-element-e05bf8b elementor-widget elementor-widget-text-editor\" data-id=\"e05bf8b\" data-element_type=\"widget\" data-widget_type=\"text-editor.default\">\n\t\t\t\t<div class=\"elementor-widget-container\">\n\t\t\t\t\t\t\t\t\t<p class=\"p1\"><span style=\"color: #000000;\">Peptides such as Mazdu, Reta, Tirz, Sema or CargiSema are modern tools that can effectively support the weight loss process and improve metabolic health. With the ability to regulate glucose, control appetite and support fat burning, they can become a key element of a weight management strategy.<\/span><\/p><p class=\"p1\"><span style=\"color: #000000;\"><b>Attention<\/b>: This text is for informational purposes only. In case of doubts regarding the use of peptides, it is recommended to consult a doctor or specialist.<\/span><\/p>\t\t\t\t\t\t\t\t<\/div>\n\t\t\t\t<\/div>\n\t\t\t\t\t<\/div>\n\t\t\t\t<\/div>\n\t\t\t\t\t<\/details>\n\t\t\t\t\t<\/div>\n\t\t\t\t\t\t<\/div>\n\t\t\t\t<\/div>\n\t\t\t\t<\/div>\n\t\t\t\t\t<\/div>\n\t\t\t\t<\/div>\n\t\t\t\t<\/div>","protected":false},"excerpt":{"rendered":"<p>Jak dzia\u0142aj\u0105 peptydy wspomagaj\u0105ce odchudzanie? Peptydy takie jak Mazdu, Reta, Tirz, Sema i CargiSema dzia\u0142aj\u0105 poprzez aktywacj\u0119 receptor\u00f3w metabolicznych, takich jak GLP-1 (glukagonopodobny peptyd 1). Receptory te odgrywaj\u0105 kluczow\u0105 rol\u0119 w regulacji poziomu glukozy we krwi, apetytu oraz trawienia. Oto, jak te substancje mog\u0105 wspiera\u0107 organizm: \u2022Regulacja poziomu cukru we krwi: Stabilizuje poziom glukozy, co &hellip; <a href=\"https:\/\/dev.pepeurope.net\/en\/how-to-use\/\" class=\"more-link\">Continue reading <span class=\"screen-reader-text\">How to use<\/span><\/a><\/p>","protected":false},"author":1,"featured_media":0,"parent":0,"menu_order":0,"comment_status":"closed","ping_status":"closed","template":"","meta":{"footnotes":""},"class_list":["post-6334","page","type-page","status-publish","hentry"],"_links":{"self":[{"href":"https:\/\/dev.pepeurope.net\/en\/wp-json\/wp\/v2\/pages\/6334","targetHints":{"allow":["GET"]}}],"collection":[{"href":"https:\/\/dev.pepeurope.net\/en\/wp-json\/wp\/v2\/pages"}],"about":[{"href":"https:\/\/dev.pepeurope.net\/en\/wp-json\/wp\/v2\/types\/page"}],"author":[{"embeddable":true,"href":"https:\/\/dev.pepeurope.net\/en\/wp-json\/wp\/v2\/users\/1"}],"replies":[{"embeddable":true,"href":"https:\/\/dev.pepeurope.net\/en\/wp-json\/wp\/v2\/comments?post=6334"}],"version-history":[{"count":13,"href":"https:\/\/dev.pepeurope.net\/en\/wp-json\/wp\/v2\/pages\/6334\/revisions"}],"predecessor-version":[{"id":8574,"href":"https:\/\/dev.pepeurope.net\/en\/wp-json\/wp\/v2\/pages\/6334\/revisions\/8574"}],"wp:attachment":[{"href":"https:\/\/dev.pepeurope.net\/en\/wp-json\/wp\/v2\/media?parent=6334"}],"curies":[{"name":"wp","href":"https:\/\/api.w.org\/{rel}","templated":true}]}}