{"id":5880,"date":"2021-10-19T02:18:12","date_gmt":"2021-10-19T02:18:12","guid":{"rendered":"https:\/\/hara.thembaydev.com\/?page_id=3"},"modified":"2025-02-24T11:35:10","modified_gmt":"2025-02-24T10:35:10","slug":"polityka-prywatnosci-pepeurope","status":"publish","type":"page","link":"https:\/\/dev.pepeurope.net\/en\/pepeurope-privacy-policy\/","title":{"rendered":"Privacy Policy Pepeurope"},"content":{"rendered":"<div data-elementor-type=\"wp-page\" data-elementor-id=\"5880\" class=\"elementor elementor-5880\" data-elementor-post-type=\"page\">\n\t\t\t\t<div class=\"elementor-element elementor-element-2949bf5 e-flex e-con-boxed e-con e-parent\" data-id=\"2949bf5\" data-element_type=\"container\">\n\t\t\t\t\t<div class=\"e-con-inner\">\n\t\t\t\t<div class=\"elementor-element elementor-element-07508fe elementor-widget elementor-widget-text-editor\" data-id=\"07508fe\" data-element_type=\"widget\" data-widget_type=\"text-editor.default\">\n\t\t\t\t<div class=\"elementor-widget-container\">\n\t\t\t\t\t\t\t\t\t<h2 data-start=\"173\" data-end=\"227\">Privacy Policy of the dev.pepeurope.net Store (\u201cStore\u201d)<\/h2><hr data-start=\"229\" data-end=\"232\" \/><h3 data-start=\"234\" data-end=\"246\">1. Introduction<\/h3><p data-start=\"248\" data-end=\"630\">Dear User! We care about your privacy and want you to feel comfortable when using our services. Therefore, below we present the most important information about the principles of processing your personal data and cookies that are used by our Store. This information has been prepared in accordance with the GDPR (General Data Protection Regulation).<\/p><hr data-start=\"632\" data-end=\"635\" \/><h3 data-start=\"637\" data-end=\"664\">2. Data Administrator<\/h3><p data-start=\"666\" data-end=\"882\"><strong data-start=\"666\" data-end=\"683\">PEPEUROPE LTD<\/strong><br data-start=\"683\" data-end=\"686\" \/>The entrepreneur conducts business activity under the name PEPEUROPE LTD, entered in the Register under number 16085541.<br data-start=\"789\" data-end=\"792\" \/><strong data-start=\"792\" data-end=\"802\">Address:<\/strong> 182-184 High Street Nord, E6 2JA London, UK<br data-start=\"846\" data-end=\"849\" \/><strong data-start=\"849\" data-end=\"861\">Contact:<\/strong> <a rel=\"noopener\" data-start=\"862\" data-end=\"880\">info@dev.pepeurope.net<\/a><\/p><hr data-start=\"884\" data-end=\"887\" \/><h3 data-start=\"889\" data-end=\"907\">3. Your Rights<\/h3><p data-start=\"909\" data-end=\"938\">You have the right to request:<\/p><ul data-start=\"939\" data-end=\"1188\"><li data-start=\"939\" data-end=\"994\"><strong data-start=\"941\" data-end=\"979\">Access to your personal data<\/strong> (Article 15 GDPR)<\/li><li data-start=\"995\" data-end=\"1035\"><strong data-start=\"997\" data-end=\"1020\">Data rectification<\/strong> (Article 16 GDPR)<\/li><li data-start=\"1036\" data-end=\"1073\"><strong data-start=\"1038\" data-end=\"1058\">Data deletion<\/strong> (Article 17 GDPR)<\/li><li data-start=\"1074\" data-end=\"1121\"><strong data-start=\"1076\" data-end=\"1106\">Processing restrictions<\/strong> (Article 18 GDPR)<\/li><li data-start=\"1122\" data-end=\"1188\"><strong data-start=\"1124\" data-end=\"1173\">Transferring data to another administrator<\/strong> (Article 20 of the GDPR)<\/li><\/ul><p data-start=\"1190\" data-end=\"1212\">You also have the right to:<\/p><ul data-start=\"1213\" data-end=\"1496\"><li data-start=\"1213\" data-end=\"1328\"><strong data-start=\"1215\" data-end=\"1255\">Objection to data processing<\/strong> based on the legitimate interest of the administrator (Article 21(1) of the GDPR)<\/li><li data-start=\"1329\" data-end=\"1431\"><strong data-start=\"1331\" data-end=\"1371\">Objection to data processing<\/strong> for the purposes of direct marketing (Article 21(2) of the GDPR)<\/li><li data-start=\"1432\" data-end=\"1496\"><strong data-start=\"1434\" data-end=\"1453\">Filing a complaint<\/strong> to the President of the Personal Data Protection Office<\/li><\/ul><p data-start=\"1498\" data-end=\"1591\">If you wish to exercise your rights, please contact us at: <a rel=\"noopener\" data-start=\"1573\" data-end=\"1591\">info@dev.pepeurope.net<\/a><\/p><hr data-start=\"1593\" data-end=\"1596\" \/><h3 data-start=\"1598\" data-end=\"1630\">4. Purposes of Data Processing<\/h3><table data-start=\"1632\" data-end=\"3664\"><thead data-start=\"1632\" data-end=\"1810\"><tr data-start=\"1632\" data-end=\"1810\"><th data-start=\"1632\" data-end=\"1657\">Goal<\/th><th data-start=\"1657\" data-end=\"1708\">Legal Basis<\/th><th data-start=\"1708\" data-end=\"1759\">Processing Period<\/th><th data-start=\"1759\" data-end=\"1810\">Consequences of Failure to Provide Data<\/th><\/tr><\/thead><tbody data-start=\"1990\" data-end=\"3664\"><tr data-start=\"1990\" data-end=\"2268\"><td><strong data-start=\"1992\" data-end=\"2017\">Order Fulfillment<\/strong><\/td><td>Sales agreement (Article 6, paragraph 1, letter b of the GDPR) and legal obligation related to accounting (Article 6, paragraph 1, letter c of the GDPR)<\/td><td>Until the end of the contract and for the time required by accounting regulations<\/td><td>Unable to place an order<\/td><\/tr><tr data-start=\"2269\" data-end=\"2465\"><td><strong data-start=\"2271\" data-end=\"2294\">User Opinions<\/strong><\/td><td>Our legitimate interest (Article 6, paragraph 1, letter f of the GDPR)<\/td><td>30 days from purchase or until an objection is filed<\/td><td>No possibility to leave a review<\/td><\/tr><tr data-start=\"2466\" data-end=\"2657\"><td><strong data-start=\"2468\" data-end=\"2497\">User Account Service<\/strong><\/td><td>Service provision agreement (Article 6, paragraph 1, letter b of the GDPR)<\/td><td>For the duration of the contract<\/td><td>Unable to use account<\/td><\/tr><tr data-start=\"2658\" data-end=\"2856\"><td><strong data-start=\"2660\" data-end=\"2681\">Service Inquiry<\/strong><\/td><td>Contract or legitimate interest (Article 6 (1) (f) of the GDPR)<\/td><td>Until the case is closed or an objection is filed<\/td><td>No way to get an answer<\/td><\/tr><tr data-start=\"2857\" data-end=\"3047\"><td><strong data-start=\"2859\" data-end=\"2884\">Direct Marketing<\/strong><\/td><td>Legitimate interest (Article 6, paragraph 1, letter f of the GDPR)<\/td><td>Until cookies are deleted<\/td><td>No personalized ads<\/td><\/tr><tr data-start=\"3048\" data-end=\"3238\"><td><strong data-start=\"3050\" data-end=\"3075\">Analytical Activities<\/strong><\/td><td>Legitimate interest (Article 6, paragraph 1, letter f of the GDPR)<\/td><td>Until cookies are deleted<\/td><td>Lack of website optimization<\/td><\/tr><tr data-start=\"3239\" data-end=\"3465\"><td><strong data-start=\"3241\" data-end=\"3264\">Newsletter and Bonuses<\/strong><\/td><td>Contract (Article 6, paragraph 1, letter b of the GDPR) and legitimate interest (Article 6, paragraph 1, letter f of the GDPR)<\/td><td>Until you withdraw your consent<\/td><td>No access to newsletter and bonuses<\/td><\/tr><tr data-start=\"3466\" data-end=\"3664\"><td><strong data-start=\"3468\" data-end=\"3501\">Investigation and Defense of Claims<\/strong><\/td><td>Legitimate interest (Article 6, paragraph 1, letter f of the GDPR)<\/td><td>Until the limitation period for claims expires<\/td><td>No possibility of pursuing claims<\/td><\/tr><\/tbody><\/table><hr data-start=\"3666\" data-end=\"3669\" \/><h3 data-start=\"3671\" data-end=\"3700\">5. Profiling and Analysis<\/h3><p data-start=\"3702\" data-end=\"3984\">Profiling is done only with your consent and involves analyzing your activity in the Store in order to match offers. Profiling does not result in decisions that affect you in a significant way.<br data-start=\"3910\" data-end=\"3913\" \/>Analyzing how our website is used helps us optimize it.<\/p><hr data-start=\"3986\" data-end=\"3989\" \/><h3 data-start=\"3991\" data-end=\"4011\">6. Cookies<\/h3><ul data-start=\"4013\" data-end=\"4215\"><li data-start=\"4013\" data-end=\"4048\"><strong data-start=\"4015\" data-end=\"4023\">Objective:<\/strong> Statistics and Marketing<\/li><li data-start=\"4049\" data-end=\"4118\"><strong data-start=\"4051\" data-end=\"4075\">Storage time:<\/strong> Maximum 30 minutes since last visit<\/li><li data-start=\"4119\" data-end=\"4215\"><strong data-start=\"4121\" data-end=\"4148\">Management capabilities:<\/strong> You can delete or block cookies in your browser settings.<\/li><\/ul><hr data-start=\"4217\" data-end=\"4220\" \/><h3 data-start=\"4222\" data-end=\"4251\">7. Recipients of your Data<\/h3><table data-start=\"4253\" data-end=\"5342\"><thead data-start=\"4253\" data-end=\"4326\"><tr data-start=\"4253\" data-end=\"4326\"><th data-start=\"4253\" data-end=\"4265\">Action<\/th><th data-start=\"4265\" data-end=\"4283\">Data Recipient<\/th><th data-start=\"4283\" data-end=\"4326\">Transfer of Data Outside the European Union<\/th><\/tr><\/thead><tbody data-start=\"4400\" data-end=\"5342\"><tr data-start=\"4400\" data-end=\"4508\"><td>Any action in connection with the Store<\/td><td>Sales software provider<\/td><td>There is no space<\/td><\/tr><tr data-start=\"4509\" data-end=\"4632\"><td>Staying on the Store page with marketing settings<\/td><td>Marketing services provider<\/td><td>There is no space<\/td><\/tr><tr data-start=\"4633\" data-end=\"4769\"><td>Staying on the Store page with analytics settings<\/td><td>Entity enabling analytical activities on the website<\/td><td>There is no space<\/td><\/tr><tr data-start=\"4770\" data-end=\"4841\"><td>Placing an order in the Store<\/td><td>Payment provider<\/td><td>There is no space<\/td><\/tr><tr data-start=\"4842\" data-end=\"4911\"><td>Product delivery<\/td><td>Entity supplying the product<\/td><td>There is no space<\/td><\/tr><tr data-start=\"4912\" data-end=\"4985\"><td>Accounting services<\/td><td>Accounting software provider<\/td><td>There is no space<\/td><\/tr><tr data-start=\"4986\" data-end=\"5077\"><td>Communication<\/td><td>Standard Office Software Provider (Email)<\/td><td>There is no space<\/td><\/tr><tr data-start=\"5078\" data-end=\"5196\"><td>Newsletter or marketing<\/td><td>The entity providing the sending of the newsletter or marketing messages<\/td><td>There is no space<\/td><\/tr><tr data-start=\"5197\" data-end=\"5256\"><td>Social Media<\/td><td>Social networking sites<\/td><td>There is no space<\/td><\/tr><tr data-start=\"5257\" data-end=\"5342\"><td>Product Reviews<\/td><td>Entities that allow you to post opinions<\/td><td>There is no space<\/td><\/tr><\/tbody><\/table><p data-start=\"5344\" data-end=\"5464\">In addition, your data may be made available to relevant public authorities if we are required to do so by law.<\/p><hr data-start=\"5466\" data-end=\"5469\" \/><h3 data-start=\"5471\" data-end=\"5492\">8. Security<\/h3><p data-start=\"5494\" data-end=\"5616\">We use organizational and technical security measures, including SSL\/TLS encryption, to ensure the security of your data.<\/p><hr data-start=\"5618\" data-end=\"5621\" \/><h3 data-start=\"5623\" data-end=\"5637\">9. Contact<\/h3><p data-start=\"5639\" data-end=\"5753\">For matters relating to personal data protection, you can contact us at: <strong data-start=\"5731\" data-end=\"5753\"><a rel=\"noopener\" data-start=\"5733\" data-end=\"5751\">info@dev.pepeurope.net<\/a><\/strong><\/p>\t\t\t\t\t\t\t\t<\/div>\n\t\t\t\t<\/div>\n\t\t\t\t\t<\/div>\n\t\t\t\t<\/div>\n\t\t\t\t<\/div>","protected":false},"excerpt":{"rendered":"<p>Polityka Prywatno\u015bci Sklepu dev.pepeurope.net (&#8220;Sklep&#8221;) 1. Wst\u0119p Drogi U\u017cytkowniku! Dbamy o Twoj\u0105 prywatno\u015b\u0107 i chcemy, aby\u015b w czasie korzystania z naszych us\u0142ug czu\u0142 si\u0119 komfortowo. Dlatego te\u017c poni\u017cej prezentujemy najwa\u017cniejsze informacje o zasadach przetwarzania Twoich danych osobowych oraz plikach cookies, kt\u00f3re s\u0105 wykorzystywane przez nasz Sklep. Informacje te zosta\u0142y przygotowane zgodnie z RODO (og\u00f3lnym rozporz\u0105dzeniem &hellip; <a href=\"https:\/\/dev.pepeurope.net\/en\/pepeurope-privacy-policy\/\" class=\"more-link\">Continue reading <span class=\"screen-reader-text\">Privacy Policy Pepeurope<\/span><\/a><\/p>","protected":false},"author":1,"featured_media":0,"parent":0,"menu_order":0,"comment_status":"closed","ping_status":"closed","template":"","meta":{"footnotes":""},"class_list":["post-5880","page","type-page","status-publish","hentry"],"_links":{"self":[{"href":"https:\/\/dev.pepeurope.net\/en\/wp-json\/wp\/v2\/pages\/5880","targetHints":{"allow":["GET"]}}],"collection":[{"href":"https:\/\/dev.pepeurope.net\/en\/wp-json\/wp\/v2\/pages"}],"about":[{"href":"https:\/\/dev.pepeurope.net\/en\/wp-json\/wp\/v2\/types\/page"}],"author":[{"embeddable":true,"href":"https:\/\/dev.pepeurope.net\/en\/wp-json\/wp\/v2\/users\/1"}],"replies":[{"embeddable":true,"href":"https:\/\/dev.pepeurope.net\/en\/wp-json\/wp\/v2\/comments?post=5880"}],"version-history":[{"count":15,"href":"https:\/\/dev.pepeurope.net\/en\/wp-json\/wp\/v2\/pages\/5880\/revisions"}],"predecessor-version":[{"id":6485,"href":"https:\/\/dev.pepeurope.net\/en\/wp-json\/wp\/v2\/pages\/5880\/revisions\/6485"}],"wp:attachment":[{"href":"https:\/\/dev.pepeurope.net\/en\/wp-json\/wp\/v2\/media?parent=5880"}],"curies":[{"name":"wp","href":"https:\/\/api.w.org\/{rel}","templated":true}]}}